{"id":370376,"date":"2023-11-22T02:01:27","date_gmt":"2023-11-22T02:01:27","guid":{"rendered":"https:\/\/web.safetyholland.nl\/?page_id=370376"},"modified":"2023-11-26T04:16:02","modified_gmt":"2023-11-26T04:16:02","slug":"vacatures","status":"publish","type":"page","link":"https:\/\/safetyholland.nl\/tr\/vacatures\/","title":{"rendered":"A\u00e7\u0131k pozisyonlar\u0131m\u0131z"},"content":{"rendered":"<p>[et_pb_section fb_built=&#8221;1&#8243; _builder_version=&#8221;4.23&#8243; _module_preset=&#8221;default&#8221; locked=&#8221;off&#8221; global_colors_info=&#8221;{}&#8221;][et_pb_row _builder_version=&#8221;4.23&#8243; _module_preset=&#8221;default&#8221; global_colors_info=&#8221;{}&#8221;][et_pb_column type=&#8221;4_4&#8243; _builder_version=&#8221;4.23&#8243; _module_preset=&#8221;default&#8221; global_colors_info=&#8221;{}&#8221;][et_pb_blog fullwidth=&#8221;off&#8221; posts_number=&#8221;99&#8243; include_categories=&#8221;16&#8243; meta_date=&#8221;d\/m\/Y&#8221; show_author=&#8221;off&#8221; show_categories=&#8221;off&#8221; show_excerpt=&#8221;off&#8221; _builder_version=&#8221;4.23.1&#8243; _module_preset=&#8221;default&#8221; hover_enabled=&#8221;0&#8243; global_colors_info=&#8221;{}&#8221; header_line_height=&#8221;1.4em&#8221; sticky_enabled=&#8221;0&#8243;][\/et_pb_blog][\/et_pb_column][\/et_pb_row][\/et_pb_section]<\/p>\n","protected":false},"excerpt":{"rendered":"","protected":false},"author":2,"featured_media":0,"parent":0,"menu_order":0,"comment_status":"closed","ping_status":"closed","template":"","meta":{"_et_pb_use_builder":"on","_et_pb_old_content":"","_et_gb_content_width":"","footnotes":""},"class_list":["post-370376","page","type-page","status-publish","hentry"],"_links":{"self":[{"href":"https:\/\/safetyholland.nl\/tr\/wp-json\/wp\/v2\/pages\/370376","targetHints":{"allow":["GET"]}}],"collection":[{"href":"https:\/\/safetyholland.nl\/tr\/wp-json\/wp\/v2\/pages"}],"about":[{"href":"https:\/\/safetyholland.nl\/tr\/wp-json\/wp\/v2\/types\/page"}],"author":[{"embeddable":true,"href":"https:\/\/safetyholland.nl\/tr\/wp-json\/wp\/v2\/users\/2"}],"replies":[{"embeddable":true,"href":"https:\/\/safetyholland.nl\/tr\/wp-json\/wp\/v2\/comments?post=370376"}],"version-history":[{"count":6,"href":"https:\/\/safetyholland.nl\/tr\/wp-json\/wp\/v2\/pages\/370376\/revisions"}],"predecessor-version":[{"id":371132,"href":"https:\/\/safetyholland.nl\/tr\/wp-json\/wp\/v2\/pages\/370376\/revisions\/371132"}],"wp:attachment":[{"href":"https:\/\/safetyholland.nl\/tr\/wp-json\/wp\/v2\/media?parent=370376"}],"curies":[{"name":"wp","href":"https:\/\/api.w.org\/{rel}","templated":true}]}}