{"id":370599,"date":"2023-11-23T00:40:10","date_gmt":"2023-11-23T00:40:10","guid":{"rendered":"https:\/\/web.safetyholland.nl\/?page_id=370599"},"modified":"2023-12-03T12:00:32","modified_gmt":"2023-12-03T12:00:32","slug":"berichten-overzicht","status":"publish","type":"page","link":"https:\/\/safetyholland.nl\/tr\/berichten-overzicht\/","title":{"rendered":"Mesaja genel bak\u0131\u015f"},"content":{"rendered":"<p>[et_pb_section fb_built=&#8221;1&#8243; _builder_version=&#8221;4.23.1&#8243; _module_preset=&#8221;default&#8221; custom_padding=&#8221;0px|||||&#8221; hover_enabled=&#8221;0&#8243; global_colors_info=&#8221;{}&#8221; display_conditions=&#8221;W3siaWQiOiJkYjQzYjkyMy04ZWI0LTQwZGMtOTZjYS04Y2IxMTZlOGIzYzIiLCJjb25kaXRpb24iOiJsb2dnZWRJblN0YXR1cyIsImNvbmRpdGlvblNldHRpbmdzIjp7ImRpc3BsYXlSdWxlIjoibG9nZ2VkSW4iLCJhZG1pbkxhYmVsIjoiSW5nZWxvZ2RlIHN0YXR1cyIsImVuYWJsZUNvbmRpdGlvbiI6Im9uIn0sIm9wZXJhdG9yIjoiT1IifV0=&#8221; sticky_enabled=&#8221;0&#8243;][et_pb_row use_custom_gutter=&#8221;on&#8221; _builder_version=&#8221;4.23&#8243; _module_preset=&#8221;default&#8221; max_width=&#8221;1500px&#8221; global_colors_info=&#8221;{}&#8221;][et_pb_column type=&#8221;4_4&#8243; _builder_version=&#8221;4.23&#8243; _module_preset=&#8221;default&#8221; global_colors_info=&#8221;{}&#8221;][et_pb_button button_url=&#8221;@ET-DC@eyJkeW5hbWljIjp0cnVlLCJjb250ZW50IjoicG9zdF9saW5rX3VybF9wYWdlIiwic2V0dGluZ3MiOnsicG9zdF9pZCI6IjM3MDU1MiJ9fQ==@&#8221; button_text=&#8221;Bericht plaatsen&#8221; _builder_version=&#8221;4.23&#8243; _dynamic_attributes=&#8221;button_url&#8221; _module_preset=&#8221;4a397cb7-4bc6-401f-8f89-ac690d25f6ea&#8221; button_font=&#8221;Lexend|700||on|||||&#8221; button_use_icon=&#8221;off&#8221; custom_padding=&#8221;16px|24px|16px|24px|true|false&#8221; locked=&#8221;off&#8221; global_colors_info=&#8221;{}&#8221;][\/et_pb_button][et_pb_code module_id=&#8221;toaanmelden&#8221; _builder_version=&#8221;4.23&#8243; _module_preset=&#8221;default&#8221; global_colors_info=&#8221;{}&#8221;]<table class=\"with_frm_style frm-responsive-table frm-grid tablesorter\">\n<thead>\n<tr>\n<th>Titel bericht<\/th>\n<th>Berichtcategorie<\/th>\n<th>Aangemaakt op<\/th>\n<th>Acties<\/th>\n<\/tr>\n<\/thead>\n<tbody>\n<tr>\n<td style='--v-responsive-table-label:\"Titel bericht\";'>Arboveiligheidsinstructeur (ZZP)<\/td>\n<td style='--v-responsive-table-label:\"Berichtcategorie\";'><a href=\"https:\/\/safetyholland.nl\/tr\/category\/vacatures\/\" title=\"View all posts filed under Vacatures\">Vacatures<\/a><\/td>\n<td style='--v-responsive-table-label:\"Aangemaakt op\";'>26\/11\/2023 at 04:03<\/td>\n<td style='--v-responsive-table-label:\"Acties\";'>\n<div id=\"frm_del_container_96\"><\/div>\n<\/td>\n<\/tr>\n<tr>\n<td style='--v-responsive-table-label:\"Titel bericht\";'>Vacature: Administratieve Kracht (ZZP) &#8211; Met kennis van Turks<\/td>\n<td style='--v-responsive-table-label:\"Berichtcategorie\";'><a href=\"https:\/\/safetyholland.nl\/tr\/category\/vacatures\/\" title=\"View all posts filed under Vacatures\">Vacatures<\/a><\/td>\n<td style='--v-responsive-table-label:\"Aangemaakt op\";'>26\/11\/2023 at 04:12<\/td>\n<td style='--v-responsive-table-label:\"Acties\";'>\n<div id=\"frm_del_container_98\"><\/div>\n<\/td>\n<\/tr>\n<tr>\n<td style='--v-responsive-table-label:\"Titel bericht\";'>Vacature: Contentmanager (Sociale Media) &#8211; ZZP<\/td>\n<td style='--v-responsive-table-label:\"Berichtcategorie\";'><a href=\"https:\/\/safetyholland.nl\/tr\/category\/vacatures\/\" title=\"View all posts filed under Vacatures\">Vacatures<\/a><\/td>\n<td style='--v-responsive-table-label:\"Aangemaakt op\";'>26\/11\/2023 at 04:27<\/td>\n<td style='--v-responsive-table-label:\"Acties\";'>\n<div id=\"frm_del_container_99\"><\/div>\n<\/td>\n<\/tr>\n<tr>\n<td style='--v-responsive-table-label:\"Titel bericht\";'>Vergroot jouw aanbestedingskansen met bedrijfcertificeringen bij Safety Holland!<\/td>\n<td style='--v-responsive-table-label:\"Berichtcategorie\";'><a href=\"https:\/\/safetyholland.nl\/tr\/category\/nieuws\/\" title=\"View all posts filed under Nieuws\">Nieuws<\/a><\/td>\n<td style='--v-responsive-table-label:\"Aangemaakt op\";'>26\/11\/2023 at 05:08<\/td>\n<td style='--v-responsive-table-label:\"Acties\";'>\n<div id=\"frm_del_container_101\"><\/div>\n<\/td>\n<\/tr>\n<\/tbody>\n<\/table>\n[\/et_pb_code][\/et_pb_column][\/et_pb_row][\/et_pb_section]<\/p>\n","protected":false},"excerpt":{"rendered":"<table class=\"with_frm_style frm-responsive-table frm-grid tablesorter\">\n<thead>\n<tr>\n<th>Ba\u015fl\u0131k mesaj\u0131<\/th>\n<th>Mesaj kategorisi<\/th>\n<th>\u00dczerinde olu\u015fturuldu<\/th>\n<th>Eylemler<\/th>\n<\/tr>\n<\/thead>\n<tbody>\n<tr>\n<td style='--v-responsive-table-label:\"Titel bericht\";'>Sa\u011fl\u0131k ve g\u00fcvenlik e\u011fitmeni (serbest meslek)<\/td>\n<td style='--v-responsive-table-label:\"Berichtcategorie\";'><a href=\"https:\/\/safetyholland.nl\/tr\/category\/vacatures\/\" title=\"View all posts filed under Vacatures\">A\u00e7\u0131k pozisyonlar\u0131m\u0131z<\/a><\/td>\n<td style='--v-responsive-table-label:\"Aangemaakt op\";'>26\/11\/2023 at 04:03<\/td>\n<td style='--v-responsive-table-label:\"Acties\";'>\n<div id=\"frm_del_container_96\"><\/div>\n<\/td>\n<\/tr>\n<tr>\n<td style='--v-responsive-table-label:\"Titel bericht\";'>A\u00e7\u0131k Pozisyon: \u0130dari Yetki (ZZP) - T\u00fcrk\u00e7e bilgisine sahip<\/td>\n<td style='--v-responsive-table-label:\"Berichtcategorie\";'><a href=\"https:\/\/safetyholland.nl\/tr\/category\/vacatures\/\" title=\"View all posts filed under Vacatures\">A\u00e7\u0131k pozisyonlar\u0131m\u0131z<\/a><\/td>\n<td style='--v-responsive-table-label:\"Aangemaakt op\";'>26\/11\/2023 at 04:12<\/td>\n<td style='--v-responsive-table-label:\"Acties\";'>\n<div id=\"frm_del_container_98\"><\/div>\n<\/td>\n<\/tr>\n<tr>\n<td style='--v-responsive-table-label:\"Titel bericht\";'>\u0130\u015f \u0130lan\u0131: \u0130\u00e7erik Y\u00f6neticisi (Sosyal Medya) - ZZP<\/td>\n<td style='--v-responsive-table-label:\"Berichtcategorie\";'><a href=\"https:\/\/safetyholland.nl\/tr\/category\/vacatures\/\" title=\"View all posts filed under Vacatures\">A\u00e7\u0131k pozisyonlar\u0131m\u0131z<\/a><\/td>\n<td style='--v-responsive-table-label:\"Aangemaakt op\";'>26\/11\/2023 at 04:27<\/td>\n<td style='--v-responsive-table-label:\"Acties\";'>\n<div id=\"frm_del_container_99\"><\/div>\n<\/td>\n<\/tr>\n<tr>\n<td style='--v-responsive-table-label:\"Titel bericht\";'>Safety Holland'da \u015firket sertifikalar\u0131 ile ihale \u015fans\u0131n\u0131z\u0131 art\u0131r\u0131n!<\/td>\n<td style='--v-responsive-table-label:\"Berichtcategorie\";'><a href=\"https:\/\/safetyholland.nl\/tr\/category\/nieuws\/\" title=\"View all posts filed under Nieuws\">Haberler<\/a><\/td>\n<td style='--v-responsive-table-label:\"Aangemaakt op\";'>26\/11\/2023 at 05:08<\/td>\n<td style='--v-responsive-table-label:\"Acties\";'>\n<div id=\"frm_del_container_101\"><\/div>\n<\/td>\n<\/tr>\n<\/tbody>\n<\/table>","protected":false},"author":2,"featured_media":0,"parent":0,"menu_order":0,"comment_status":"closed","ping_status":"closed","template":"","meta":{"_et_pb_use_builder":"on","_et_pb_old_content":"","_et_gb_content_width":"","footnotes":""},"class_list":["post-370599","page","type-page","status-publish","hentry"],"_links":{"self":[{"href":"https:\/\/safetyholland.nl\/tr\/wp-json\/wp\/v2\/pages\/370599","targetHints":{"allow":["GET"]}}],"collection":[{"href":"https:\/\/safetyholland.nl\/tr\/wp-json\/wp\/v2\/pages"}],"about":[{"href":"https:\/\/safetyholland.nl\/tr\/wp-json\/wp\/v2\/types\/page"}],"author":[{"embeddable":true,"href":"https:\/\/safetyholland.nl\/tr\/wp-json\/wp\/v2\/users\/2"}],"replies":[{"embeddable":true,"href":"https:\/\/safetyholland.nl\/tr\/wp-json\/wp\/v2\/comments?post=370599"}],"version-history":[{"count":8,"href":"https:\/\/safetyholland.nl\/tr\/wp-json\/wp\/v2\/pages\/370599\/revisions"}],"predecessor-version":[{"id":371332,"href":"https:\/\/safetyholland.nl\/tr\/wp-json\/wp\/v2\/pages\/370599\/revisions\/371332"}],"wp:attachment":[{"href":"https:\/\/safetyholland.nl\/tr\/wp-json\/wp\/v2\/media?parent=370599"}],"curies":[{"name":"wp","href":"https:\/\/api.w.org\/{rel}","templated":true}]}}